{"id":27,"date":"2019-02-15T07:41:14","date_gmt":"2019-02-15T07:41:14","guid":{"rendered":"http:\/\/test.kuhls-dawideit.de\/?page_id=27"},"modified":"2019-02-15T07:41:14","modified_gmt":"2019-02-15T07:41:14","slug":"kontakt-impressum","status":"publish","type":"page","link":"https:\/\/www.kuhls-dawideit.de\/?page_id=27","title":{"rendered":"Kontakt \/ Impressum"},"content":{"rendered":"\n<p>SABINE KUHLS-DAWIDEIT<br>\nB\u00fcro f\u00fcr Grafik und Design<\/p>\n\n\n\n<p>Poststra\u00dfe 46<br>\n25469 Halstenbek<br>\nTel.: 04101- 83 48 20<br>\nFax: 04101- 83 48 17<br>\neMail sabine@kuhls-dawideit.de<\/p>\n\n\n\n<p>Haftungshinweis:<br>\nTrotz sorgf\u00e4ltiger inhaltlicher Kontrolle \u00fcbernehme ich keine Haftung f\u00fcr die Inhalte externer Links. F\u00fcr den Inhalt der verlinkten Seiten sind ausschlie\u00dflich deren Betreiber verantwortlich.<\/p>\n\n\n\n<p>BILDNACHWEISE FOTOGRAFEN:<br>\nTITELILLUSTRATION<br>\n\u00a9 joernemann \/ photocase.com, \u00a9 das_banni \/ photocase.com, \u00a9 eyelab \/ photocase.com, \u00a9 Helgi \/ photocase.com, \u00a9 Schmonzetten-punkette \/ photocase.com, \u00a9 view7 \/ photocase.com, \u00a9 kyro \/ photocase.com<\/p>\n\n\n\n<p>STADTKURIER HAMBURG<br>\n\u00a9 9inchpixel \/ photocase.com, \u00a9 toast198 \/ photocase.com, \u00a9 Franziska Fiolka \/ photocase.com<\/p>\n\n\n\n<p>ERNST SICHERHEITS- UND KOMMUNIKATIONSTECHNIKEN<br>\n\u00a9 fastFriend \/ photocase.com, \u00a9 intuitivmedia \/ photocase.com, \u00a9 carlitos \/ photocase.com, f \u00a9 ult \/ photocase.com, \u00a9 soundso. \/ photocase.com, \u00a9 pheebs \/ photocase.com, \u00a9 shipyard \/ photocase.com, \u00a9 Jo3-Hannes \/ photocase.com, \u00a9 swdm \/ photocase.com<\/p>\n\n\n\n<p>KOCHBUCH<br>\n\u00a9 blindguard \/ photocase.com, \u00a9 AndreasF. \/ photocase.com, \u00a9 iorgos \/ photocase.com, \u00a9 emma75 \/ photocase.com, \u00a9 Kellerbrand \/ photocase.com, \u00a9 vandalay \/ photocase.com, \u00a9 jomam \/ photocase.com, \u00a9 capicua \/ photocase.com, \u00a9 jayboo \/ photocase.com, \u00a9 Niggl \/ photocase.com<\/p>\n\n\n\n<p>DESY, WELT DER PHYSIK<br>\nBildnachweise: European Space Agency, NASA and Felix Mirabel <br>\n(the French Atomic Energy Commission &amp; the Institute for Astronomy <br>\nand Space Physics\/Conicet of Argentina), CFN, Universit\u00e4t Karlsruhe <br>\n(TH), ESO (2x) und MPI f\u00fcr Festk\u00f6rperforschung, Stuttgart.<\/p>\n\n\n\n<p>ROBINSON WOHNEN<br>\n\u00a9 ROBINSON WOHNEN,\u00a9 planica, \u00a9 sika horsnaes, \u00a9 klammerfranz \/ photocase.com, \u00a9 thoffmann \/ photocase.com<\/p>\n\n\n\n<p>TiCHEMICALS LTD<br>\nTiChemicals<br>\n\u00a9 godoza \/ photocase.com, \u00a9 Gerti G. \/ photocase.com, \u00a9 dioxin \/ photocase.com, \u00a9 thotti \/ photocase.com<\/p>\n\n\n\n<p>FACHDIENST JUGENDSCHUTZ\/-PFLEGE PINNEBERG<br>\nAlle Brosch\u00fcren auf dieser Website<br>\nFotoquellen: www.photocase.com, www.fotolia.com<\/p>\n\n\n\n<p>BROSCH\u00dcRE SCHULEMPFEHLUNG<br>\nFotoquellen: www.photocase.com<\/p>\n\n\n\n<p>SICHERHEIT 3<br>\nFotos Ernst Sicherheitstechnik, geka exklusiv, Silatec<br>\nPhotocase, www.photocase.de \/ \u00a9 intuitivmedia, \u00a9 fastFriend \/ \u00a9 BurnumBurnum \/\u00a9 carlitos \/ \u00a9 fult \/\u00a9 Padapapada \/<br>\n\u00a9 pheebs \/ \u00a9 Jo3-Hannes \/\u00a9 shipyard, \u00a9 swdm \/ Fotolia, www.fotolia.de<\/p>\n\n\n\n<p>NOMITEC:<br>\nFotolia, www.fotolia.de<\/p>\n\n\n\n<p>RELLINGER FAMILIENWEGWEISER<br>\n\u00a9 www.imagedirect.de \/\u00a9 A. Radke \/ \u00a9 J. Folster    \/   \u00a9 K. Parusel \/\u00a9 U. Gold \/ \u00a9 Thomas Dawideit \/ \u00a9 D. Beckmann<\/p>\n\n\n\n<p>KIRCHBERG<br>\n\u00a9 Frau Kirchberg<\/p>\n\n\n\n<p>IDEALSTROM<br>\nFotolia, www.fotolia.de<\/p>\n\n\n\n<p>FRANK R\u00d6NNFELD<br>\nFotolia, www.fotolia.de<\/p>\n\n\n\n<p>WEB-DESIGN:<br>\nSabine Kuhls-Dawideit<\/p>\n","protected":false},"excerpt":{"rendered":"<p>SABINE KUHLS-DAWIDEIT B\u00fcro f\u00fcr Grafik und Design Poststra\u00dfe 46 25469 Halstenbek Tel.: 04101- 83 48 20 Fax: 04101- 83 48 17 eMail sabine@kuhls-dawideit.de Haftungshinweis: Trotz sorgf\u00e4ltiger inhaltlicher Kontrolle \u00fcbernehme ich keine Haftung f\u00fcr die Inhalte externer Links. F\u00fcr den Inhalt der verlinkten Seiten sind ausschlie\u00dflich deren Betreiber verantwortlich. BILDNACHWEISE FOTOGRAFEN: TITELILLUSTRATION \u00a9 joernemann \/ photocase.com, &hellip; <\/p>\n<p class=\"link-more\"><a href=\"https:\/\/www.kuhls-dawideit.de\/?page_id=27\" class=\"more-link\"><span class=\"screen-reader-text\">\u201eKontakt \/ Impressum\u201c<\/span> weiterlesen<\/a><\/p>\n","protected":false},"author":1,"featured_media":0,"parent":0,"menu_order":0,"comment_status":"closed","ping_status":"closed","template":"","meta":{"footnotes":""},"_links":{"self":[{"href":"https:\/\/www.kuhls-dawideit.de\/index.php?rest_route=\/wp\/v2\/pages\/27"}],"collection":[{"href":"https:\/\/www.kuhls-dawideit.de\/index.php?rest_route=\/wp\/v2\/pages"}],"about":[{"href":"https:\/\/www.kuhls-dawideit.de\/index.php?rest_route=\/wp\/v2\/types\/page"}],"author":[{"embeddable":true,"href":"https:\/\/www.kuhls-dawideit.de\/index.php?rest_route=\/wp\/v2\/users\/1"}],"replies":[{"embeddable":true,"href":"https:\/\/www.kuhls-dawideit.de\/index.php?rest_route=%2Fwp%2Fv2%2Fcomments&post=27"}],"version-history":[{"count":1,"href":"https:\/\/www.kuhls-dawideit.de\/index.php?rest_route=\/wp\/v2\/pages\/27\/revisions"}],"predecessor-version":[{"id":32,"href":"https:\/\/www.kuhls-dawideit.de\/index.php?rest_route=\/wp\/v2\/pages\/27\/revisions\/32"}],"wp:attachment":[{"href":"https:\/\/www.kuhls-dawideit.de\/index.php?rest_route=%2Fwp%2Fv2%2Fmedia&parent=27"}],"curies":[{"name":"wp","href":"https:\/\/api.w.org\/{rel}","templated":true}]}}