{"id":37,"date":"2019-02-15T08:53:32","date_gmt":"2019-02-15T08:53:32","guid":{"rendered":"http:\/\/test.kuhls-dawideit.de\/?page_id=37"},"modified":"2019-02-15T08:53:32","modified_gmt":"2019-02-15T08:53:32","slug":"leistungen","status":"publish","type":"page","link":"https:\/\/www.kuhls-dawideit.de\/?page_id=37","title":{"rendered":"Leistungen"},"content":{"rendered":"\n<h2 class=\"wp-block-heading\">Der Ber\u00fchmte erste Eindruck\u2026<\/h2>\n\n\n\n<p><strong>Das kennen Sie bestimmt:<\/strong>&nbsp;Sie sitzen am Schreibtisch und stellen fest, dass noch schnell eine Dienstleistung in Auftrag gegeben werden muss. Sie bl\u00e4ttern verschiedene Webseiten durch, schauen sich die Inhalte an und entscheiden dann ganz spontan.<\/p>\n\n\n\n<p><strong>Was hat Sie \u00fcberzeugt?<\/strong>&nbsp;Ist es die Farbgebung, die genau Ihren Geschmack trifft, der Informationsgehalt der Homepage oder die tolle animierte Grafik, bei der Sie schmunzeln m\u00fcssen?<\/p>\n\n\n\n<p><strong>Ganz klar:<\/strong>&nbsp;Es ist der Gesamteindruck eines Firmenauftritts.<br>Er muss Ihnen ein gutes Gef\u00fchl vermitteln.<\/p>\n\n\n\n<h2 class=\"wp-block-heading\">M\u00f6gen Sie Puzzles?<\/h2>\n\n\n\n<figure class=\"wp-block-image\"><img decoding=\"async\" src=\"http:\/\/kuhls-dawideit.de\/bilder\/puzzle.jpg\" alt=\"Dieses Bild hat ein leeres Alt-Attribut. Der Dateiname ist puzzle.jpg\"\/><\/figure>\n\n\n\n<p>\u00c4hnlich wie ein Puzzle setzt sich das Erscheinungsbild Ihrer Firma aus vielen Teilchen zusammen. Dazu geh\u00f6ren das Logo, die Firmenfarben, die Hausschrift, die Gesch\u00e4ftsausstattung mit Briefpapier, Visitenkarte, Werbemitteln, Verpackungen, Internetpr\u00e4senz, Imagebrosch\u00fcren und so weiter.<br><strong>Also das, was man Corporate Design nennt.<\/strong>&nbsp;Es spiegelt das Gesicht eines Unternehmens wider, das f\u00fcr die Au\u00dfenwelt und vor allem f\u00fcr den Kunden unverwechselbar sein soll.<\/p>\n\n\n\n<p><strong>Genau darum k\u00fcmmern wir uns:<\/strong>&nbsp;Wir verschaffen Ihrem Unternehmen einen optischen Auftritt, der unverwechselbar, eigenst\u00e4ndig und sofort wiedererkennbar ist. Wir verleihen Ihrem Corporate Design nicht nur eine zeitgem\u00e4\u00dfe \u00c4sthetik, sondern geben ihm auch Langlebigkeit und Emotionalit\u00e4t.<\/p>\n\n\n\n<h2 class=\"wp-block-heading\">Welches Potenzial besitzen Sie?<\/h2>\n\n\n\n<p><strong>Wie gelingt es Ihnen, sich von Ihren Mitbewerbern zu unterscheiden?<\/strong><\/p>\n\n\n\n<p>Jeder Flyer, jede Brosch\u00fcre, jede Visitenkarte und nat\u00fcrlich auch Ihr Internetauftritt gibt Ihrem potenziellen Kunden sofort einen bestimmten Eindruck, der dar\u00fcber entscheidet, ob Sie ihm mit Ihrem Corporate Design das ber\u00fchmte gute Gef\u00fchl vermitteln!<\/p>\n\n\n\n<p>Unser erstklassiges Netzwerk unterst\u00fctzt Sie dabei. Wir sind ein Kernteam aus kreativen K\u00f6pfen das eng mit kompetenten Partnern und Freelancern zusammenarbeitet:<br>Textern \u00b7 Grafikern \u00b7 Webdesignern \u00b7 Journalisten \u00b7 Fotografen \u00b7 PR-Agenturen.<\/p>\n\n\n\n<p><strong>Es z\u00e4hlt der erste Eindruck!<\/strong><\/p>\n\n\n\n<h2 class=\"wp-block-heading\">Ein gutes Gef\u00fchl\u2026<\/h2>\n\n\n\n<p><strong>&#8230; und zufriedene Kunden.<\/strong><\/p>\n\n\n\n<figure class=\"wp-block-image\"><img decoding=\"async\" src=\"http:\/\/kuhls-dawideit.de\/bilder\/kundenlogos.jpg\" alt=\"Dieses Bild hat ein leeres Alt-Attribut. Der Dateiname ist kundenlogos.jpg\"\/><\/figure>\n\n\n\n<p><strong>Zum Beispiel:<\/strong><\/p>\n\n\n\n<p>\u2022 Welt der Physik, DESY, Deutsches Elektronen-Synchrotron<br>\u2022 Jugendschutz Pinneberg<br>\u2022 TIG Group<br>\u2022 TI Chemicals, Manchester<br>\u2022 Ernst Sicherheitstechnik<br>\u2022 Jugendschutz Pinneberg<br>\u2022 Robinson Wohnen<br>\u2022 Binias Unternehmensberatung<br>\u2022 Rechts- und Fachanwaltskanzlei Andreas Will<br>\u2022 Gemeinde Rellingen<\/p>\n\n\n\n<h2 class=\"wp-block-heading\">Das B\u00fcro f\u00fcr Grafik und Design<\/h2>\n\n\n\n<p>Sie m\u00f6chten sich pers\u00f6nlich einen \u00dcberblick verschaffen und unser Portfolio \u201elive\u201c anschauen? Ich besuche Sie gern mit unserer Pr\u00e4sentationsmappe!<\/p>\n\n\n\n<p><strong>Und was werden Sie sehen?<\/strong>&nbsp;Eine Vielzahl unterschiedlicher Aufgaben, 15 Jahre Berufserfahrung und eine Menge Freude an Projekten und am Produkt.<\/p>\n\n\n\n<figure class=\"wp-block-image\"><img decoding=\"async\" src=\"http:\/\/kuhls-dawideit.de\/bilder\/skdkw.jpg\" alt=\"Dieses Bild hat ein leeres Alt-Attribut. Der Dateiname ist skdkw.jpg\"\/><\/figure>\n\n\n\n<p><strong>SABINE KUHLS-DAWIDEIT<\/strong><br>B\u00fcro f\u00fcr Grafik und Design<\/p>\n\n\n\n<p>Poststra\u00dfe 46 | 25469 Halstenbek<\/p>\n\n\n\n<p>tel&nbsp;04101-83 48 20 |&nbsp;fax&nbsp;04101-83 48 17<br>mail&nbsp;<a href=\"mailto:sabine.kuhls@dawideit.de\">sabine.kuhls@dawideit.de<\/a> |&nbsp;web&nbsp;<a href=\"http:\/\/www.kuhls-dawideit.de\">www.kuhls-dawideit.de<\/a><br><\/p>\n","protected":false},"excerpt":{"rendered":"<p>Der Ber\u00fchmte erste Eindruck\u2026 Das kennen Sie bestimmt:&nbsp;Sie sitzen am Schreibtisch und stellen fest, dass noch schnell eine Dienstleistung in Auftrag gegeben werden muss. Sie bl\u00e4ttern verschiedene Webseiten durch, schauen sich die Inhalte an und entscheiden dann ganz spontan. Was hat Sie \u00fcberzeugt?&nbsp;Ist es die Farbgebung, die genau Ihren Geschmack trifft, der Informationsgehalt der Homepage &hellip; <\/p>\n<p class=\"link-more\"><a href=\"https:\/\/www.kuhls-dawideit.de\/?page_id=37\" class=\"more-link\"><span class=\"screen-reader-text\">\u201eLeistungen\u201c<\/span> weiterlesen<\/a><\/p>\n","protected":false},"author":1,"featured_media":0,"parent":0,"menu_order":0,"comment_status":"closed","ping_status":"closed","template":"","meta":{"footnotes":""},"_links":{"self":[{"href":"https:\/\/www.kuhls-dawideit.de\/index.php?rest_route=\/wp\/v2\/pages\/37"}],"collection":[{"href":"https:\/\/www.kuhls-dawideit.de\/index.php?rest_route=\/wp\/v2\/pages"}],"about":[{"href":"https:\/\/www.kuhls-dawideit.de\/index.php?rest_route=\/wp\/v2\/types\/page"}],"author":[{"embeddable":true,"href":"https:\/\/www.kuhls-dawideit.de\/index.php?rest_route=\/wp\/v2\/users\/1"}],"replies":[{"embeddable":true,"href":"https:\/\/www.kuhls-dawideit.de\/index.php?rest_route=%2Fwp%2Fv2%2Fcomments&post=37"}],"version-history":[{"count":1,"href":"https:\/\/www.kuhls-dawideit.de\/index.php?rest_route=\/wp\/v2\/pages\/37\/revisions"}],"predecessor-version":[{"id":38,"href":"https:\/\/www.kuhls-dawideit.de\/index.php?rest_route=\/wp\/v2\/pages\/37\/revisions\/38"}],"wp:attachment":[{"href":"https:\/\/www.kuhls-dawideit.de\/index.php?rest_route=%2Fwp%2Fv2%2Fmedia&parent=37"}],"curies":[{"name":"wp","href":"https:\/\/api.w.org\/{rel}","templated":true}]}}